{"id":11,"date":"2026-05-02T14:58:58","date_gmt":"2026-05-02T14:58:58","guid":{"rendered":"https:\/\/petpassport.com.br\/?page_id=11"},"modified":"2026-05-02T18:08:14","modified_gmt":"2026-05-02T18:08:14","slug":"onde-comprar","status":"publish","type":"page","link":"https:\/\/petpassport.com.br\/onde-comprar\/","title":{"rendered":"Onde Comprar?"},"content":{"rendered":"\n<div id=\"pp-store-page-v3\" style=\"all: initial !important; display: block !important; width: 100% !important; background: #ffffff !important; font-family: sans-serif !important; color: #1a2e1a !important; margin: 0 !important; padding: 0 !important; overflow-x: hidden !important; -webkit-font-smoothing: antialiased !important;\">\n\n    <!-- 1. HEADER DA LOJA -->\n    <section style=\"background: #1e7a33 !important; padding: clamp(60px, 10vh, 100px) 5% !important; text-align: center !important; color: white !important;\">\n        <div style=\"max-width: 1200px !important; margin: 0 auto !important; box-sizing: border-box !important;\">\n            <h1 style=\"font-size: clamp(35px, 6vw, 60px) !important; font-weight: 900 !important; margin-bottom: 20px !important; color: white !important; line-height: 1 !important; letter-spacing: -1px !important;\">Adquira seu Kit Oficial<\/h1>\n            <p style=\"font-size: clamp(1rem, 2.5vw, 1.3rem) !important; opacity: 0.9 !important; max-width: 800px !important; margin: 0 auto !important; line-height: 1.5 !important;\">\n                Garanta o Pet Passport Original Modelo 2020 via Mercado Livre. \n                Documenta\u00e7\u00e3o completa, bil\u00edngue e com marca registrada.\n            <\/p>\n        <\/div>\n    <\/section>\n\n    <!-- 2. GALERIA DE PRODUTOS (KITS) -->\n    <section style=\"max-width: 1400px !important; margin: 0 auto !important; padding: 80px 20px !important; box-sizing: border-box !important;\">\n        <div style=\"display: grid !important; grid-template-columns: repeat(auto-fit, minmax(300px, 1fr)) !important; gap: 30px !important; box-sizing: border-box !important;\">\n            \n            <!-- KIT 50 UNIDADES (DESTAQUE) -->\n            <div style=\"border: 2px solid #2db34a !important; padding: 40px 30px !important; border-radius: 30px !important; text-align: center !important; position: relative !important; background: #f0f7f1 !important; box-shadow: 0 20px 40px rgba(45,179,74,0.1) !important; box-sizing: border-box !important;\">\n                <span style=\"position: absolute !important; top: -18px !important; left: 50% !important; transform: translateX(-50%) !important; background: #2db34a !important; color: white !important; padding: 8px 25px !important; border-radius: 50px !important; font-weight: 800 !important; font-size: 13px !important; letter-spacing: 1px !important; white-space: nowrap !important;\">MAIS VENDIDO (CRIADORES)<\/span>\n                <div style=\"font-size: 60px !important; margin-bottom: 20px !important;\">\ud83d\udce6<\/div>\n                <h3 style=\"font-size: 28px !important; font-weight: 900 !important; margin-bottom: 15px !important; color: #1e7a33 !important; box-sizing: border-box !important;\">Kit 50 Unidades<\/h3>\n                <p style=\"color: #556b55 !important; margin-bottom: 30px !important; font-size: 1.1rem !important; line-height: 1.5 !important; box-sizing: border-box !important;\">Solu\u00e7\u00e3o ideal para grandes canis, catteries e hospitais veterin\u00e1rios.<\/p>\n                <a href=\"https:\/\/www.mercadolivre.com.br\/pet-passport-50x--carteira-de-ident-e-vacinacao-animal\/up\/MLBU1989690127\" target=\"_blank\" style=\"display: block !important; background: #2db34a !important; color: white !important; padding: 22px !important; border-radius: 15px !important; text-decoration: none !important; font-weight: 900 !important; font-size: 1.2rem !important; transition: 0.3s !important; box-shadow: 0 10px 25px rgba(45,179,74,0.3) !important; box-sizing: border-box !important;\">COMPRAR NO ML<\/a>\n            <\/div>\n\n            <!-- KIT 20 UNIDADES -->\n            <div style=\"border: 1px solid #e2e8f0 !important; padding: 40px 30px !important; border-radius: 30px !important; text-align: center !important; background: white !important; box-sizing: border-box !important;\">\n                <div style=\"font-size: 55px !important; margin-bottom: 20px !important;\">\ud83d\udcd2<\/div>\n                <h3 style=\"font-size: 24px !important; font-weight: 800 !important; margin-bottom: 15px !important; color: #1e7a33 !important; box-sizing: border-box !important;\">Kit 20 Unidades<\/h3>\n                <p style=\"color: #556b55 !important; margin-bottom: 30px !important; line-height: 1.5 !important; box-sizing: border-box !important;\">Excelente custo-benef\u00edcio para criadores e pet shops de m\u00e9dio porte.<\/p>\n                <a href=\"https:\/\/www.mercadolivre.com.br\/pet-passport-20x--carteira-de-ident-e-vacinacao-animal\/up\/MLBU1965636997\" target=\"_blank\" style=\"display: block !important; border: 2px solid #2db34a !important; color: #1e7a33 !important; padding: 18px !important; border-radius: 15px !important; text-decoration: none !important; font-weight: 800 !important; font-size: 1.1rem !important; box-sizing: border-box !important;\">VER AN\u00daNCIO<\/a>\n            <\/div>\n\n            <!-- KIT 10 UNIDADES -->\n            <div style=\"border: 1px solid #e2e8f0 !important; padding: 40px 30px !important; border-radius: 30px !important; text-align: center !important; background: white !important; box-sizing: border-box !important;\">\n                <div style=\"font-size: 55px !important; margin-bottom: 20px !important;\">\ud83d\udcd1<\/div>\n                <h3 style=\"font-size: 24px !important; font-weight: 800 !important; margin-bottom: 15px !important; color: #1e7a33 !important; box-sizing: border-box !important;\">Kit 10 Unidades<\/h3>\n                <p style=\"color: #556b55 !important; margin-bottom: 30px !important; line-height: 1.5 !important; box-sizing: border-box !important;\">O kit padr\u00e3o para cl\u00ednicas veterin\u00e1rias que buscam organiza\u00e7\u00e3o.<\/p>\n                <a href=\"https:\/\/www.mercadolivre.com.br\/pet-passport-10x--carteira-de-identif-e-vacinacao-animal\/up\/MLBU1961073457\" target=\"_blank\" style=\"display: block !important; border: 2px solid #2db34a !important; color: #1e7a33 !important; padding: 18px !important; border-radius: 15px !important; text-decoration: none !important; font-weight: 800 !important; font-size: 1.1rem !important; box-sizing: border-box !important;\">VER AN\u00daNCIO<\/a>\n            <\/div>\n\n            <!-- OUTROS KITS -->\n            <div style=\"border: 1px solid #e2e8f0 !important; padding: 40px 30px !important; border-radius: 30px !important; text-align: center !important; background: #f8fafc !important; box-sizing: border-box !important;\">\n                <h3 style=\"font-size: 20px !important; font-weight: 800 !important; margin-bottom: 25px !important; color: #1e7a33 !important; box-sizing: border-box !important;\">Unidades Individuais<\/h3>\n                <div style=\"display: grid !important; grid-template-columns: 1fr 1fr !important; gap: 12px !important; margin-bottom: 20px !important; box-sizing: border-box !important;\">\n                    <a href=\"https:\/\/www.mercadolivre.com.br\/pet-passport-3x--carteira-de-identif-e-vacinacao-animal\/up\/MLBU1965494550\" target=\"_blank\" style=\"background: white !important; border: 1px solid #cbd5e1 !important; color: #1e7a33 !important; padding: 12px !important; border-radius: 10px !important; font-weight: 700 !important; text-decoration: none !important; font-size: 14px !important; box-sizing: border-box !important;\">Kit 3 Unid.<\/a>\n                    <a href=\"https:\/\/www.mercadolivre.com.br\/pet-passport-2x--carteira-de-identif-e-vacinacao-animal\/up\/MLBU1961073415\" target=\"_blank\" style=\"background: white !important; border: 1px solid #cbd5e1 !important; color: #1e7a33 !important; padding: 12px !important; border-radius: 10px !important; font-weight: 700 !important; text-decoration: none !important; font-size: 14px !important; box-sizing: border-box !important;\">Kit 2 Unid.<\/a>\n                    <a href=\"https:\/\/www.mercadolivre.com.br\/pet-passport-1x--carteira-de-identif-e-vacinacao-animal\/up\/MLBU1989563863\" target=\"_blank\" style=\"grid-column: span 2 !important; background: white !important; border: 1px solid #cbd5e1 !important; color: #1e7a33 !important; padding: 12px !important; border-radius: 10px !important; font-weight: 700 !important; text-decoration: none !important; font-size: 14px !important; box-sizing: border-box !important;\">1 Unidade Individual<\/a>\n                <\/div>\n                <p style=\"font-size: 13px !important; color: #64748b !important; line-height: 1.4 !important; box-sizing: border-box !important;\">Temos an\u00fancios para 5 e 100 unidades sob consulta no ML.<\/p>\n            <\/div>\n        <\/div>\n    <\/section>\n\n    <!-- 3. PROVA SOCIAL - DEPOIMENTOS EM GRID (WIDE OPTIMIZED) -->\n    <section style=\"background: #f0f7f1 !important; padding: 100px 20px !important; box-sizing: border-box !important;\">\n        <div style=\"max-width: 1300px !important; margin: 0 auto !important; box-sizing: border-box !important;\">\n            <div style=\"text-align: center !important; margin-bottom: 60px !important; box-sizing: border-box !important;\">\n                <div style=\"color: #fbbf24 !important; font-size: clamp(20px, 4vw, 28px) !important; margin-bottom: 10px !important; letter-spacing: 2px !important;\">\u2605\u2605\u2605\u2605\u2605<\/div>\n                <h2 style=\"font-size: clamp(30px, 5vw, 42px) !important; font-weight: 900 !important; color: #1a2e1a !important; margin-bottom: 15px !important; line-height: 1.1 !important; box-sizing: border-box !important;\">Opini\u00f5es em Destaque<\/h2>\n                <p style=\"color: #556b55 !important; font-size: 1.1rem !important; box-sizing: border-box !important;\">Confira o relato real de quem j\u00e1 organiza a sa\u00fade do pet com o original.<\/p>\n            <\/div>\n            \n            <div style=\"display: grid !important; grid-template-columns: repeat(auto-fit, minmax(360px, 1fr)) !important; gap: 25px !important; box-sizing: border-box !important;\">\n                <!-- DEPOIMENTO 1 -->\n                <div style=\"background: white !important; padding: 35px !important; border-radius: 25px !important; box-shadow: 0 10px 30px rgba(0,0,0,0.05) !important; border: 1px solid #e2e8f0 !important; box-sizing: border-box !important;\">\n                    <p style=\"font-style: italic !important; line-height: 1.7 !important; color: #444 !important; margin-bottom: 20px !important; font-size: 15px !important; box-sizing: border-box !important;\">\n                        &#8220;Excelente produto! \u00c9 a melhor carteira que seu cachorro pode ter. Cont\u00e9m todos os dados necess\u00e1rios e folhas de atestado sanit\u00e1rio. Recomendo fortemente.&#8221;\n                    <\/p>\n                    <div style=\"border-top: 1px solid #f0f4f0 !important; padding-top: 15px !important; box-sizing: border-box !important;\">\n                        <strong style=\"display: block !important; font-size: 14px !important; color: #1e7a33 !important;\">\u2014 Cliente Mercado Livre<\/strong>\n                        <span style=\"font-size: 12px !important; color: #999 !important;\">Avalia\u00e7\u00e3o 5 de 5<\/span>\n                    <\/div>\n                <\/div>\n                <!-- DEPOIMENTO 2 -->\n                <div style=\"background: white !important; padding: 35px !important; border-radius: 25px !important; box-shadow: 0 10px 30px rgba(0,0,0,0.05) !important; border: 1px solid #e2e8f0 !important; box-sizing: border-box !important;\">\n                    <p style=\"font-style: italic !important; line-height: 1.7 !important; color: #444 !important; margin-bottom: 20px !important; font-size: 15px !important; box-sizing: border-box !important;\">\n                        &#8220;Muito bom! Superou minhas expectativas! Design, qualidade da capa e folhas, local do carimbo MV, tudo excelente! \u00d3timo investimento!&#8221;\n                    <\/p>\n                    <div style=\"border-top: 1px solid #f0f4f0 !important; padding-top: 15px !important; box-sizing: border-box !important;\">\n                        <strong style=\"display: block !important; font-size: 14px !important; color: #1e7a33 !important;\">\u2014 Investimento Profissional<\/strong>\n                        <span style=\"font-size: 12px !important; color: #999 !important;\">Avalia\u00e7\u00e3o 5 de 5<\/span>\n                    <\/div>\n                <\/div>\n                <!-- DEPOIMENTO 3 -->\n                <div style=\"background: white !important; padding: 35px !important; border-radius: 25px !important; box-shadow: 0 10px 30px rgba(0,0,0,0.05) !important; border: 1px solid #e2e8f0 !important; box-sizing: border-box !important;\">\n                    <p style=\"font-style: italic !important; line-height: 1.7 !important; color: #444 !important; margin-bottom: 20px !important; font-size: 15px !important; box-sizing: border-box !important;\">\n                        &#8220;Tudo ok! O cachorro foi para os EUA (New York)! Muito obrigado! Cumpre o que promete.&#8221;\n                    <\/p>\n                    <div style=\"border-top: 1px solid #f0f4f0 !important; padding-top: 15px !important; box-sizing: border-box !important;\">\n                        <strong style=\"display: block !important; font-size: 14px !important; color: #1e7a33 !important;\">\u2014 Viagem Internacional<\/strong>\n                        <span style=\"font-size: 12px !important; color: #999 !important;\">Avalia\u00e7\u00e3o 5 de 5<\/span>\n                    <\/div>\n                <\/div>\n            <\/div>\n            <div style=\"text-align: center !important; margin-top: 40px !important; box-sizing: border-box !important;\">\n                <p style=\"font-size: 14px !important; color: #888 !important;\">Baseado em mais de 34 coment\u00e1rios reais de compradores satisfeitos.<\/p>\n            <\/div>\n        <\/div>\n    <\/section>\n\n    <!-- 4. REPUTA\u00c7\u00c3O E LOG\u00cdSTICA -->\n    <section style=\"max-width: 1200px !important; margin: 80px auto !important; padding: 0 20px !important; box-sizing: border-box !important;\">\n        <div style=\"display: flex !important; flex-wrap: wrap !important; gap: 40px !important; box-sizing: border-box !important;\">\n            \n            <!-- REPUTA\u00c7\u00c3O -->\n            <div style=\"flex: 1 1 500px !important; background: #ffffff !important; padding: 45px !important; border-radius: 35px !important; border: 1px solid #e2e8f0 !important; box-shadow: 0 10px 30px rgba(0,0,0,0.03) !important; box-sizing: border-box !important;\">\n                <h3 style=\"color: #1e7a33 !important; font-size: clamp(22px, 3vw, 28px) !important; font-weight: 900 !important; margin-bottom: 25px !important; box-sizing: border-box !important;\">Nossa Hist\u00f3ria e Compromisso<\/h3>\n                <p style=\"line-height: 1.8 !important; color: #556b55 !important; font-size: 1.05rem !important; margin-bottom: 20px !important; box-sizing: border-box !important;\">\n                    Desde 2008, mantemos um compromisso inabal\u00e1vel com a qualidade. Embora as m\u00e9tricas recentes do Mercado Livre tenham nos afetado devido a instabilidades log\u00edsticas externas (como greves dos Correios), nossa ess\u00eancia permanece a mesma que nos garantiu anos no <strong>VERDE ESCURO<\/strong>.\n                <\/p>\n                <p style=\"line-height: 1.8 !important; color: #556b55 !important; font-size: 1.05rem !important; box-sizing: border-box !important;\">\n                    Garantimos a entrega do <strong>Pet Passport Original Modelo 2020<\/strong> com a mesma excel\u00eancia de sempre.\n                <\/p>\n            <\/div>\n\n            <!-- ENVIO E SEGURAN\u00c7A -->\n            <div style=\"flex: 1 1 400px !important; background: #1a2e1a !important; color: white !important; padding: 45px !important; border-radius: 35px !important; display: flex !important; flex-direction: column !important; justify-content: center !important; box-sizing: border-box !important;\">\n                <div style=\"margin-bottom: 30px !important; box-sizing: border-box !important;\">\n                    <div style=\"font-size: 30px !important; margin-bottom: 15px !important;\">\u26a0\ufe0f<\/div>\n                    <strong style=\"display: block !important; font-size: 1.2rem !important; color: #2db34a !important; margin-bottom: 10px !important; box-sizing: border-box !important;\">Informa\u00e7\u00e3o de Envio<\/strong>\n                    <p style=\"font-size: 15px !important; opacity: 0.85 !important; line-height: 1.6 !important; margin: 0 !important; box-sizing: border-box !important;\">\n                        Utilizamos o <strong>REGISTRADO ECON\u00d4MICO<\/strong>. O c\u00f3digo gera atualiza\u00e7\u00e3o nos Correios <strong>somente ap\u00f3s a entrega conclu\u00edda<\/strong> ao destinat\u00e1rio. N\u00e3o \u00e9 rastre\u00e1vel em tempo real.\n                    <\/p>\n                <\/div>\n                <div style=\"border-top: 1px solid rgba(255,255,255,0.1) !important; padding-top: 30px !important; box-sizing: border-box !important;\">\n                    <strong style=\"display: block !important; font-size: 1.1rem !important; margin-bottom: 10px !important; box-sizing: border-box !important;\">Selo de Autenticidade<\/strong>\n                    <p style=\"font-size: 14px !important; opacity: 0.85 !important; margin: 0 !important; box-sizing: border-box !important;\">\n                        Este documento possui marca registrada. Valorize seu pet e exija o original.\n                    <\/p>\n                <\/div>\n            <\/div>\n        <\/div>\n    <\/section>\n\n    <!-- 5. FINAL VISUAL (TRANSI\u00c7\u00c3O FOOTER) -->\n    <section style=\"background: linear-gradient(to bottom, #ffffff 0%, #f0f7f1 100%) !important; padding: 120px 20px !important; text-align: center !important; border-radius: 60px 60px 0 0 !important; box-sizing: border-box !important;\">\n        <div style=\"max-width: 900px !important; margin: 0 auto !important; box-sizing: border-box !important;\">\n            <div style=\"font-size: 50px !important; margin-bottom: 30px !important;\">\ud83d\udc3e<\/div>\n            <h3 style=\"font-size: 32px !important; font-weight: 900 !important; color: #1e7a33 !important; margin-bottom: 20px !important; box-sizing: border-box !important;\">Pet Passport Original<\/h3>\n            <p style=\"font-size: 1.3rem !important; color: #556b55 !important; line-height: 1.8 !important; margin-bottom: 40px !important; box-sizing: border-box !important;\">\n                O padr\u00e3o de excel\u00eancia em identifica\u00e7\u00e3o e organiza\u00e7\u00e3o da sa\u00fade do seu animal.\n            <\/p>\n            <div style=\"display: flex !important; justify-content: center !important; gap: 40px !important; opacity: 0.5 !important; box-sizing: border-box !important;\">\n                <span style=\"font-size: 12px !important; font-weight: 800 !important; text-transform: uppercase; letter-spacing: 2px !important; box-sizing: border-box !important;\">Seguran\u00e7a<\/span>\n                <span style=\"font-size: 12px !important; font-weight: 800 !important; text-transform: uppercase; letter-spacing: 2px !important; box-sizing: border-box !important;\">Qualidade<\/span>\n            <\/div>\n        <\/div>\n    <\/section>\n\n<\/div>\n","protected":false},"excerpt":{"rendered":"<p>Adquira seu Kit Oficial Garanta o Pet Passport Original Modelo 2020 via Mercado Livre. Documenta\u00e7\u00e3o completa, bil\u00edngue e com marca registrada. MAIS VENDIDO (CRIADORES) \ud83d\udce6 Kit 50 Unidades Solu\u00e7\u00e3o ideal para grandes canis, catteries e hospitais veterin\u00e1rios. COMPRAR NO ML \ud83d\udcd2 Kit 20 Unidades Excelente custo-benef\u00edcio para criadores e pet shops de m\u00e9dio porte. VER&#8230;<\/p>\n","protected":false},"author":1,"featured_media":0,"parent":0,"menu_order":2,"comment_status":"closed","ping_status":"closed","template":"","meta":{"_kad_post_transparent":"","_kad_post_title":"","_kad_post_layout":"","_kad_post_sidebar_id":"","_kad_post_content_style":"","_kad_post_vertical_padding":"","_kad_post_feature":"","_kad_post_feature_position":"","_kad_post_header":false,"_kad_post_footer":false,"_kad_post_classname":"","footnotes":""},"class_list":["post-11","page","type-page","status-publish","hentry"],"_links":{"self":[{"href":"https:\/\/petpassport.com.br\/wp-json\/wp\/v2\/pages\/11","targetHints":{"allow":["GET"]}}],"collection":[{"href":"https:\/\/petpassport.com.br\/wp-json\/wp\/v2\/pages"}],"about":[{"href":"https:\/\/petpassport.com.br\/wp-json\/wp\/v2\/types\/page"}],"author":[{"embeddable":true,"href":"https:\/\/petpassport.com.br\/wp-json\/wp\/v2\/users\/1"}],"replies":[{"embeddable":true,"href":"https:\/\/petpassport.com.br\/wp-json\/wp\/v2\/comments?post=11"}],"version-history":[{"count":5,"href":"https:\/\/petpassport.com.br\/wp-json\/wp\/v2\/pages\/11\/revisions"}],"predecessor-version":[{"id":75,"href":"https:\/\/petpassport.com.br\/wp-json\/wp\/v2\/pages\/11\/revisions\/75"}],"wp:attachment":[{"href":"https:\/\/petpassport.com.br\/wp-json\/wp\/v2\/media?parent=11"}],"curies":[{"name":"wp","href":"https:\/\/api.w.org\/{rel}","templated":true}]}}